{"id":1159,"date":"2024-04-21T22:26:50","date_gmt":"2024-04-22T01:26:50","guid":{"rendered":"https:\/\/nuevo2.mtdc.cl\/?post_type=product&#038;p=1159"},"modified":"2025-03-14T16:41:48","modified_gmt":"2025-03-14T19:41:48","slug":"dell-vostro-3400-i3-1115g4-4gb-1tb-linux","status":"publish","type":"product","link":"https:\/\/nuevo.mundotec.cl\/?product=dell-vostro-3400-i3-1115g4-4gb-1tb-linux","title":{"rendered":"DELL VOSTRO 3400 i3-1115G4 4GB 1TB Linux"},"content":{"rendered":"<p>Ultracapaz. Ultram\u00f3vil.<br \/>Laptop Dell Vostro 3400: Vostro: Creada para peque\u00f1as empresas<br \/>Vostro: creada para peque\u00f1as empresas<br \/>DellTM VostroTM , la primera familia de computadoras Dell dise\u00f1adas especialmente para las peque\u00f1as empresas, le ofrece la flexibilidad de elegir la PC que mejor responda a todas sus necesidades, sin costos agregados. Porque la computadora perfecta para la peque\u00f1a empresa puede disponer de todas las funciones y ser asequible al mismo tiempo.<br \/>Funciones para las grandes empresas al alcance de las peque\u00f1as<br \/>No sacrifique las funciones que desea s\u00f3lo para no exceder el presupuesto. Con la Vostro 3400 tendr\u00e1 el estilo, la durabilidad y el rendimiento reservados normalmente para las laptops de grandes empresas a un precio justo para la peque\u00f1a empresa.<br \/>Soporte que lo respalda<br \/>Llevar una peque\u00f1a empresa ya es un desaf\u00edo sin tener que ser su propio departamento de TI. Dell cuenta con los recursos para que su empresa se mantenga en funcionamiento: un conjunto de opciones de soporte personalizadas detr\u00e1s de cada laptop Vostro que vendemos.<\/p>\n","protected":false},"excerpt":{"rendered":"<p>Ultracapaz. Ultram\u00f3vil.Laptop Dell Vostro 3400: Vostro: Creada para peque\u00f1as empresasVostro: creada para peque\u00f1as empresasDellTM VostroTM , la primera familia de computadoras Dell dise\u00f1adas especialmente para las peque\u00f1as empresas, le ofrece la flexibilidad de elegir la PC que mejor responda a todas sus necesidades, sin costos agregados. Porque la computadora perfecta para la peque\u00f1a empresa puede [&hellip;]<\/p>\n","protected":false},"featured_media":1160,"comment_status":"closed","ping_status":"closed","template":"","meta":{"_acf_changed":false,"content-type":""},"product_brand":[],"product_cat":[27,34,29],"product_tag":[],"class_list":{"0":"post-1159","1":"product","2":"type-product","3":"status-publish","4":"has-post-thumbnail","6":"product_cat-computadores","7":"product_cat-hp-notebook","8":"product_cat-notebook","10":"first","11":"instock","12":"taxable","13":"shipping-taxable","14":"purchasable","15":"product-type-simple"},"acf":[],"_links":{"self":[{"href":"https:\/\/nuevo.mundotec.cl\/index.php?rest_route=\/wp\/v2\/product\/1159","targetHints":{"allow":["GET"]}}],"collection":[{"href":"https:\/\/nuevo.mundotec.cl\/index.php?rest_route=\/wp\/v2\/product"}],"about":[{"href":"https:\/\/nuevo.mundotec.cl\/index.php?rest_route=\/wp\/v2\/types\/product"}],"replies":[{"embeddable":true,"href":"https:\/\/nuevo.mundotec.cl\/index.php?rest_route=%2Fwp%2Fv2%2Fcomments&post=1159"}],"wp:featuredmedia":[{"embeddable":true,"href":"https:\/\/nuevo.mundotec.cl\/index.php?rest_route=\/wp\/v2\/media\/1160"}],"wp:attachment":[{"href":"https:\/\/nuevo.mundotec.cl\/index.php?rest_route=%2Fwp%2Fv2%2Fmedia&parent=1159"}],"wp:term":[{"taxonomy":"product_brand","embeddable":true,"href":"https:\/\/nuevo.mundotec.cl\/index.php?rest_route=%2Fwp%2Fv2%2Fproduct_brand&post=1159"},{"taxonomy":"product_cat","embeddable":true,"href":"https:\/\/nuevo.mundotec.cl\/index.php?rest_route=%2Fwp%2Fv2%2Fproduct_cat&post=1159"},{"taxonomy":"product_tag","embeddable":true,"href":"https:\/\/nuevo.mundotec.cl\/index.php?rest_route=%2Fwp%2Fv2%2Fproduct_tag&post=1159"}],"curies":[{"name":"wp","href":"https:\/\/api.w.org\/{rel}","templated":true}]}}